{"id":67,"date":"2024-11-26T19:12:02","date_gmt":"2024-11-26T19:12:02","guid":{"rendered":"https:\/\/projetos.agenciacertus.com.br\/lojasbella\/?post_type=product&#038;p=67"},"modified":"2024-11-27T14:56:59","modified_gmt":"2024-11-27T14:56:59","slug":"sandalia-anabela","status":"publish","type":"product","link":"https:\/\/projetos.agenciacertus.com.br\/lojasbella\/product\/sandalia-anabela\/","title":{"rendered":"sand\u00e1lia Anabela"},"content":{"rendered":"<ol>\n<li>O Anabela \u00e9 um cal\u00e7ado vers\u00e1til e confort\u00e1vel, com seu salto em formato de cunha que distribui o peso de maneira uniforme, proporcionando estabilidade e estilo. Ideal para quem busca elegante com um toque casual, perfeito para o dia a dia ou eventos descontra\u00eddos.<br \/>\n<strong>Caracter\u00edsticas:<\/strong><\/li>\n<\/ol>\n<ul>\n<li>Altura do Salto: 6cm<\/li>\n<li>Solado: Borracha soa<\/li>\n<li>Material: Couro sint\u00e9tico e\u00a0 acolchoada<\/li>\n<li>Guia de Medidas:Tamanho 34: 22.5 cm.<br \/>\nTamanho 35: 23.0 cm.<br \/>\nTamanho 36: 23.5 cm.<br \/>\nTamanho 37: 24.0 cm.<br \/>\nTamanho 38: 25.0 cm.<br \/>\nTamanho 39: 26.0 cm.<br \/>\nTamanho 40: 26.5 cm.<\/li>\n<\/ul>\n","protected":false},"excerpt":{"rendered":"<p>O Anabela \u00e9 um cal\u00e7ado vers\u00e1til e confort\u00e1vel, com seu salto em formato de cunha que distribui o peso de maneira uniforme, proporcionando estabilidade e estilo. Ideal para quem busca elegante com um toque casual, perfeito para o dia a dia ou eventos descontra\u00eddos. Caracter\u00edsticas: Altura do Salto: 6cm Solado: Borracha soa Material: Couro sint\u00e9tico [&hellip;]<\/p>\n","protected":false},"featured_media":121,"template":"","meta":[],"product_brand":[],"product_cat":[16,52],"product_tag":[],"class_list":{"0":"post-67","1":"product","2":"type-product","3":"status-publish","4":"has-post-thumbnail","6":"product_cat-anabela","7":"product_cat-bella-poderoza","8":"pa_tamanho-38","9":"pa_tamanho-39","10":"pa_tamanho-40","11":"pa_tamanho-41","12":"pa_tamanho-42","13":"pa_tamanho-43","14":"pa_tamanho-44","15":"pa_tamanho-45","17":"first","18":"instock","19":"sale","20":"shipping-taxable","21":"purchasable","22":"product-type-variable","23":"has-default-attributes"},"_links":{"self":[{"href":"https:\/\/projetos.agenciacertus.com.br\/lojasbella\/wp-json\/wp\/v2\/product\/67","targetHints":{"allow":["GET"]}}],"collection":[{"href":"https:\/\/projetos.agenciacertus.com.br\/lojasbella\/wp-json\/wp\/v2\/product"}],"about":[{"href":"https:\/\/projetos.agenciacertus.com.br\/lojasbella\/wp-json\/wp\/v2\/types\/product"}],"wp:featuredmedia":[{"embeddable":true,"href":"https:\/\/projetos.agenciacertus.com.br\/lojasbella\/wp-json\/wp\/v2\/media\/121"}],"wp:attachment":[{"href":"https:\/\/projetos.agenciacertus.com.br\/lojasbella\/wp-json\/wp\/v2\/media?parent=67"}],"wp:term":[{"taxonomy":"product_brand","embeddable":true,"href":"https:\/\/projetos.agenciacertus.com.br\/lojasbella\/wp-json\/wp\/v2\/product_brand?post=67"},{"taxonomy":"product_cat","embeddable":true,"href":"https:\/\/projetos.agenciacertus.com.br\/lojasbella\/wp-json\/wp\/v2\/product_cat?post=67"},{"taxonomy":"product_tag","embeddable":true,"href":"https:\/\/projetos.agenciacertus.com.br\/lojasbella\/wp-json\/wp\/v2\/product_tag?post=67"}],"curies":[{"name":"wp","href":"https:\/\/api.w.org\/{rel}","templated":true}]}}