{"id":379,"date":"2024-11-27T21:43:29","date_gmt":"2024-11-27T21:43:29","guid":{"rendered":"https:\/\/projetos.agenciacertus.com.br\/lojasbella\/?post_type=product&#038;p=379"},"modified":"2024-11-27T21:43:29","modified_gmt":"2024-11-27T21:43:29","slug":"social-fashion-collection","status":"publish","type":"product","link":"https:\/\/projetos.agenciacertus.com.br\/lojasbella\/product\/social-fashion-collection\/","title":{"rendered":"Social Fashion Collection"},"content":{"rendered":"<p><span>Social Fashion Collection \u00e9 defini\u00e7\u00e3o de charme e sofistica\u00e7\u00e3o. Com um design clean e salto baixo, \u00e9 ideal para eventos sociais e momentos especiais que pedem elegantes com conforto. Uma escolha perfeita para quem busca estilo sem abrir m\u00e3o da praticidade.<\/span><br \/>\n<strong><span>Caracter\u00edsticas:<\/span><\/strong><\/p>\n<ul>\n<li><span>Altura do Salto: 4cm<\/span><\/li>\n<li><span>Solado: Borracha soa<\/span><\/li>\n<li><span>Material: Couro leg\u00edtimo com acabamento em verniz<\/span><\/li>\n<\/ul>\n","protected":false},"excerpt":{"rendered":"<p>Social Fashion Collection \u00e9 defini\u00e7\u00e3o de charme e sofistica\u00e7\u00e3o. Com um design clean e salto baixo, \u00e9 ideal para eventos sociais e momentos especiais que pedem elegantes com conforto. Uma escolha perfeita para quem busca estilo sem abrir m\u00e3o da praticidade. Caracter\u00edsticas: Altura do Salto: 4cm Solado: Borracha soa Material: Couro leg\u00edtimo com acabamento em [&hellip;]<\/p>\n","protected":false},"featured_media":370,"template":"","meta":[],"product_brand":[],"product_cat":[53],"product_tag":[],"class_list":{"0":"post-379","1":"product","2":"type-product","3":"status-publish","4":"has-post-thumbnail","6":"product_cat-fashion-coletion","8":"first","9":"instock","10":"sale","11":"shipping-taxable","12":"purchasable","13":"product-type-simple"},"_links":{"self":[{"href":"https:\/\/projetos.agenciacertus.com.br\/lojasbella\/wp-json\/wp\/v2\/product\/379","targetHints":{"allow":["GET"]}}],"collection":[{"href":"https:\/\/projetos.agenciacertus.com.br\/lojasbella\/wp-json\/wp\/v2\/product"}],"about":[{"href":"https:\/\/projetos.agenciacertus.com.br\/lojasbella\/wp-json\/wp\/v2\/types\/product"}],"wp:featuredmedia":[{"embeddable":true,"href":"https:\/\/projetos.agenciacertus.com.br\/lojasbella\/wp-json\/wp\/v2\/media\/370"}],"wp:attachment":[{"href":"https:\/\/projetos.agenciacertus.com.br\/lojasbella\/wp-json\/wp\/v2\/media?parent=379"}],"wp:term":[{"taxonomy":"product_brand","embeddable":true,"href":"https:\/\/projetos.agenciacertus.com.br\/lojasbella\/wp-json\/wp\/v2\/product_brand?post=379"},{"taxonomy":"product_cat","embeddable":true,"href":"https:\/\/projetos.agenciacertus.com.br\/lojasbella\/wp-json\/wp\/v2\/product_cat?post=379"},{"taxonomy":"product_tag","embeddable":true,"href":"https:\/\/projetos.agenciacertus.com.br\/lojasbella\/wp-json\/wp\/v2\/product_tag?post=379"}],"curies":[{"name":"wp","href":"https:\/\/api.w.org\/{rel}","templated":true}]}}