{"id":376,"date":"2024-11-27T21:39:20","date_gmt":"2024-11-27T21:39:20","guid":{"rendered":"https:\/\/projetos.agenciacertus.com.br\/lojasbella\/?post_type=product&#038;p=376"},"modified":"2024-11-27T21:39:20","modified_gmt":"2024-11-27T21:39:20","slug":"sandalia-fashion-collection-vm","status":"publish","type":"product","link":"https:\/\/projetos.agenciacertus.com.br\/lojasbella\/product\/sandalia-fashion-collection-vm\/","title":{"rendered":"Sand\u00e1lia Fashion Collection vm"},"content":{"rendered":"<p><span>A Sand\u00e1lia Fashion Collection traz leveza e sofistica\u00e7\u00e3o em um design moderno e vers\u00e1til. Suas tiras delicadas e salto elegante fazem dela a escolha perfeita para dias ocultos ou eventos que pedem um toque de glamour. Ideal para quem deseja conforto e estilo em qualquer ocasi\u00e3o.<\/span><br \/>\n<strong><span>Caracter\u00edsticas:<\/span><\/strong><\/p>\n<ul>\n<li><span>Altura do Salto: 5cm<\/span><\/li>\n<li><span>Solado: Borracha soa<\/span><\/li>\n<li><span>Material: Couro leg\u00edtimo com tiras interessantes<\/span><\/li>\n<\/ul>\n","protected":false},"excerpt":{"rendered":"<p>A Sand\u00e1lia Fashion Collection traz leveza e sofistica\u00e7\u00e3o em um design moderno e vers\u00e1til. Suas tiras delicadas e salto elegante fazem dela a escolha perfeita para dias ocultos ou eventos que pedem um toque de glamour. Ideal para quem deseja conforto e estilo em qualquer ocasi\u00e3o. Caracter\u00edsticas: Altura do Salto: 5cm Solado: Borracha soa Material: [&hellip;]<\/p>\n","protected":false},"featured_media":367,"template":"","meta":[],"product_brand":[],"product_cat":[53],"product_tag":[],"class_list":{"0":"post-376","1":"product","2":"type-product","3":"status-publish","4":"has-post-thumbnail","6":"product_cat-fashion-coletion","8":"first","9":"instock","10":"sale","11":"shipping-taxable","12":"purchasable","13":"product-type-simple"},"_links":{"self":[{"href":"https:\/\/projetos.agenciacertus.com.br\/lojasbella\/wp-json\/wp\/v2\/product\/376","targetHints":{"allow":["GET"]}}],"collection":[{"href":"https:\/\/projetos.agenciacertus.com.br\/lojasbella\/wp-json\/wp\/v2\/product"}],"about":[{"href":"https:\/\/projetos.agenciacertus.com.br\/lojasbella\/wp-json\/wp\/v2\/types\/product"}],"wp:featuredmedia":[{"embeddable":true,"href":"https:\/\/projetos.agenciacertus.com.br\/lojasbella\/wp-json\/wp\/v2\/media\/367"}],"wp:attachment":[{"href":"https:\/\/projetos.agenciacertus.com.br\/lojasbella\/wp-json\/wp\/v2\/media?parent=376"}],"wp:term":[{"taxonomy":"product_brand","embeddable":true,"href":"https:\/\/projetos.agenciacertus.com.br\/lojasbella\/wp-json\/wp\/v2\/product_brand?post=376"},{"taxonomy":"product_cat","embeddable":true,"href":"https:\/\/projetos.agenciacertus.com.br\/lojasbella\/wp-json\/wp\/v2\/product_cat?post=376"},{"taxonomy":"product_tag","embeddable":true,"href":"https:\/\/projetos.agenciacertus.com.br\/lojasbella\/wp-json\/wp\/v2\/product_tag?post=376"}],"curies":[{"name":"wp","href":"https:\/\/api.w.org\/{rel}","templated":true}]}}