{"id":211,"date":"2024-11-26T20:52:45","date_gmt":"2024-11-26T20:52:45","guid":{"rendered":"https:\/\/projetos.agenciacertus.com.br\/lojasbella\/?post_type=product&#038;p=211"},"modified":"2024-11-27T14:56:15","modified_gmt":"2024-11-27T14:56:15","slug":"scarpin-classique","status":"publish","type":"product","link":"https:\/\/projetos.agenciacertus.com.br\/lojasbella\/product\/scarpin-classique\/","title":{"rendered":"Scarpin Classique"},"content":{"rendered":"<p>O scarpin \u00e9 o s\u00edmbolo m\u00e1ximo de eleg\u00e2ncia e feminilidade. Com bico fino e salto m\u00e9dio ou alto, \u00e9 ideal para compromissos formais, como eventos ou trabalho, elevando qualquer visual com sofistica\u00e7\u00e3o.<br \/>\n<strong>Caracter\u00edsticas:<\/strong><\/p>\n<ul>\n<li>Altura do Salto: 9cm<\/li>\n<li>Solado: Antiderrapante<\/li>\n<li>Material: Couro leg\u00edtimo ou sint\u00e9tico, com palmilha acolchoada<\/li>\n<\/ul>\n<p><strong>Guia de Medidas:<\/strong><\/p>\n<p>Tamanho 34: 22.5 cm.<br \/>\nTamanho 35: 23.0 cm.<br \/>\nTamanho 36: 23.5 cm.<br \/>\nTamanho 37: 24.0 cm.<br \/>\nTamanho 38: 25.0 cm.<br \/>\nTamanho 39: 26.0 cm.<br \/>\nTamanho 40: 26.5 cm.<\/p>\n","protected":false},"excerpt":{"rendered":"<p>S\u00edmbolo m\u00e1ximo de eleg\u00e2ncia e feminilidade.<\/p>\n","protected":false},"featured_media":215,"template":"","meta":[],"product_brand":[],"product_cat":[52,23],"product_tag":[],"class_list":{"0":"post-211","1":"product","2":"type-product","3":"status-publish","4":"has-post-thumbnail","6":"product_cat-bella-poderoza","7":"product_cat-scarpin","8":"pa_tamanho-43","10":"first","11":"instock","12":"shipping-taxable","13":"purchasable","14":"product-type-variable"},"_links":{"self":[{"href":"https:\/\/projetos.agenciacertus.com.br\/lojasbella\/wp-json\/wp\/v2\/product\/211","targetHints":{"allow":["GET"]}}],"collection":[{"href":"https:\/\/projetos.agenciacertus.com.br\/lojasbella\/wp-json\/wp\/v2\/product"}],"about":[{"href":"https:\/\/projetos.agenciacertus.com.br\/lojasbella\/wp-json\/wp\/v2\/types\/product"}],"wp:featuredmedia":[{"embeddable":true,"href":"https:\/\/projetos.agenciacertus.com.br\/lojasbella\/wp-json\/wp\/v2\/media\/215"}],"wp:attachment":[{"href":"https:\/\/projetos.agenciacertus.com.br\/lojasbella\/wp-json\/wp\/v2\/media?parent=211"}],"wp:term":[{"taxonomy":"product_brand","embeddable":true,"href":"https:\/\/projetos.agenciacertus.com.br\/lojasbella\/wp-json\/wp\/v2\/product_brand?post=211"},{"taxonomy":"product_cat","embeddable":true,"href":"https:\/\/projetos.agenciacertus.com.br\/lojasbella\/wp-json\/wp\/v2\/product_cat?post=211"},{"taxonomy":"product_tag","embeddable":true,"href":"https:\/\/projetos.agenciacertus.com.br\/lojasbella\/wp-json\/wp\/v2\/product_tag?post=211"}],"curies":[{"name":"wp","href":"https:\/\/api.w.org\/{rel}","templated":true}]}}