{"id":198,"date":"2024-11-26T20:39:09","date_gmt":"2024-11-26T20:39:09","guid":{"rendered":"https:\/\/projetos.agenciacertus.com.br\/lojasbella\/?post_type=product&#038;p=198"},"modified":"2024-11-26T20:39:09","modified_gmt":"2024-11-26T20:39:09","slug":"noiva-brilhante","status":"publish","type":"product","link":"https:\/\/projetos.agenciacertus.com.br\/lojasbella\/product\/noiva-brilhante\/","title":{"rendered":"Noiva Brilhante"},"content":{"rendered":"<p><span>Os sapatos para noivas combinam glamour e delicadeza, com design pensado para um dia especial. Confort\u00e1veis \u200b\u200be elegantes, s\u00e3o o complemento perfeito para o vestido, destacando a beleza e garantindo seguran\u00e7a ao caminhar at\u00e9 o altar.<\/span><br \/>\n<strong><span>Caracter\u00edsticas:<\/span><\/strong><\/p>\n<ul>\n<li><span>Altura do Salto: 7cm<\/span><\/li>\n<li><span>Solado: Antiderrapante<\/span><\/li>\n<li><span>Material: Cetim ou couro com acabamento em brilho<\/span><\/li>\n<\/ul>\n<p><strong>Guia de Medidas:<\/strong><\/p>\n<p>Tamanho 34: 22.5 cm.<br \/>\nTamanho 35: 23.0 cm.<br \/>\nTamanho 36: 23.5 cm.<br \/>\nTamanho 37: 24.0 cm.<br \/>\nTamanho 38: 25.0 cm.<br \/>\nTamanho 39: 26.0 cm.<br \/>\nTamanho 40: 26.5 cm.<\/p>\n","protected":false},"excerpt":{"rendered":"<p>S\u00e3o o complemento perfeito para o vestido.<\/p>\n","protected":false},"featured_media":208,"template":"","meta":[],"product_brand":[],"product_cat":[21],"product_tag":[],"class_list":{"0":"post-198","1":"product","2":"type-product","3":"status-publish","4":"has-post-thumbnail","6":"product_cat-noivas","7":"pa_tamanho-38","8":"pa_tamanho-39","9":"pa_tamanho-40","10":"pa_tamanho-41","11":"pa_tamanho-42","12":"pa_tamanho-43","13":"pa_tamanho-44","14":"pa_tamanho-45","16":"first","17":"instock","18":"shipping-taxable","19":"purchasable","20":"product-type-variable"},"_links":{"self":[{"href":"https:\/\/projetos.agenciacertus.com.br\/lojasbella\/wp-json\/wp\/v2\/product\/198","targetHints":{"allow":["GET"]}}],"collection":[{"href":"https:\/\/projetos.agenciacertus.com.br\/lojasbella\/wp-json\/wp\/v2\/product"}],"about":[{"href":"https:\/\/projetos.agenciacertus.com.br\/lojasbella\/wp-json\/wp\/v2\/types\/product"}],"wp:featuredmedia":[{"embeddable":true,"href":"https:\/\/projetos.agenciacertus.com.br\/lojasbella\/wp-json\/wp\/v2\/media\/208"}],"wp:attachment":[{"href":"https:\/\/projetos.agenciacertus.com.br\/lojasbella\/wp-json\/wp\/v2\/media?parent=198"}],"wp:term":[{"taxonomy":"product_brand","embeddable":true,"href":"https:\/\/projetos.agenciacertus.com.br\/lojasbella\/wp-json\/wp\/v2\/product_brand?post=198"},{"taxonomy":"product_cat","embeddable":true,"href":"https:\/\/projetos.agenciacertus.com.br\/lojasbella\/wp-json\/wp\/v2\/product_cat?post=198"},{"taxonomy":"product_tag","embeddable":true,"href":"https:\/\/projetos.agenciacertus.com.br\/lojasbella\/wp-json\/wp\/v2\/product_tag?post=198"}],"curies":[{"name":"wp","href":"https:\/\/api.w.org\/{rel}","templated":true}]}}