{"id":185,"date":"2024-11-26T20:23:59","date_gmt":"2024-11-26T20:23:59","guid":{"rendered":"https:\/\/projetos.agenciacertus.com.br\/lojasbella\/?post_type=product&#038;p=185"},"modified":"2024-12-03T12:13:55","modified_gmt":"2024-12-03T12:13:55","slug":"sandalia-meia-pata","status":"publish","type":"product","link":"https:\/\/projetos.agenciacertus.com.br\/lojasbella\/product\/sandalia-meia-pata\/","title":{"rendered":"Sand\u00e1lia meia pata"},"content":{"rendered":"<p>A Meia Pata \u00e9 perfeita para quem busca altura com conforto. Seu design com plataforma na parte frontal reduz a curvatura do p\u00e9, conforto\u00a0 pr\u00e1tico. Ideal para festas, eventos ou Datas que pedem sofistica\u00e7\u00e3o.<br \/>\n<strong>Caracter\u00edsticas:<\/strong><\/p>\n<ul>\n<li>Altura do Salto: 12cm (meia pata de 3cm)<\/li>\n<li>Solado: Borracha soa<\/li>\n<li>Material: Verniz e acabamento acolchoado interno<\/li>\n<\/ul>\n<p><strong>Guia de Medidas:<\/strong><\/p>\n<p>Tamanho 34: 22.5 cm.<br \/>\nTamanho 35: 23.0 cm.<br \/>\nTamanho 36: 23.5 cm.<br \/>\nTamanho 37: 24.0 cm.<br \/>\nTamanho 38: 25.0 cm.<br \/>\nTamanho 39: 26.0 cm.<br \/>\nTamanho 40: 26.5 cm.<\/p>\n","protected":false},"excerpt":{"rendered":"<p>Perfeita para quem busca altura com conforto.<\/p>\n","protected":false},"featured_media":192,"template":"","meta":[],"product_brand":[],"product_cat":[52,19],"product_tag":[],"class_list":{"0":"post-185","1":"product","2":"type-product","3":"status-publish","4":"has-post-thumbnail","6":"product_cat-bella-poderoza","7":"product_cat-meia-pata","8":"pa_tamanho-41","9":"pa_tamanho-43","11":"first","12":"instock","13":"sale","14":"shipping-taxable","15":"purchasable","16":"product-type-variable"},"_links":{"self":[{"href":"https:\/\/projetos.agenciacertus.com.br\/lojasbella\/wp-json\/wp\/v2\/product\/185","targetHints":{"allow":["GET"]}}],"collection":[{"href":"https:\/\/projetos.agenciacertus.com.br\/lojasbella\/wp-json\/wp\/v2\/product"}],"about":[{"href":"https:\/\/projetos.agenciacertus.com.br\/lojasbella\/wp-json\/wp\/v2\/types\/product"}],"wp:featuredmedia":[{"embeddable":true,"href":"https:\/\/projetos.agenciacertus.com.br\/lojasbella\/wp-json\/wp\/v2\/media\/192"}],"wp:attachment":[{"href":"https:\/\/projetos.agenciacertus.com.br\/lojasbella\/wp-json\/wp\/v2\/media?parent=185"}],"wp:term":[{"taxonomy":"product_brand","embeddable":true,"href":"https:\/\/projetos.agenciacertus.com.br\/lojasbella\/wp-json\/wp\/v2\/product_brand?post=185"},{"taxonomy":"product_cat","embeddable":true,"href":"https:\/\/projetos.agenciacertus.com.br\/lojasbella\/wp-json\/wp\/v2\/product_cat?post=185"},{"taxonomy":"product_tag","embeddable":true,"href":"https:\/\/projetos.agenciacertus.com.br\/lojasbella\/wp-json\/wp\/v2\/product_tag?post=185"}],"curies":[{"name":"wp","href":"https:\/\/api.w.org\/{rel}","templated":true}]}}