{"id":171,"date":"2024-11-26T20:07:05","date_gmt":"2024-11-26T20:07:05","guid":{"rendered":"https:\/\/projetos.agenciacertus.com.br\/lojasbella\/?post_type=product&#038;p=171"},"modified":"2024-11-27T14:32:36","modified_gmt":"2024-11-27T14:32:36","slug":"botas-cano-de-longo","status":"publish","type":"product","link":"https:\/\/projetos.agenciacertus.com.br\/lojasbella\/product\/botas-cano-de-longo\/","title":{"rendered":"Botas Cano de Longo"},"content":{"rendered":"<p><span>As botas s\u00e3o sin\u00f4nimos de sofistica\u00e7\u00e3o e prote\u00e7\u00e3o, ideais para os dias mais frios ou para compor looks modernos e ousados. Seu design robusto combina conforto e estilo para diversas gra\u00e7as.<\/span><br \/>\n<strong><span>Caracter\u00edsticas:<\/span><\/strong><\/p>\n<ul>\n<li><span>Altura do Cano: M\u00e9dia (30cm)<\/span><\/li>\n<li><span>Solado: Borracha resistente<\/span><\/li>\n<li><span>Material: Couro leg\u00edtimo ou sint\u00e9tico, com forro interno acolchoado<\/span><\/li>\n<\/ul>\n<p><strong>Guia de Medidas:<\/strong><\/p>\n<p>Tamanho 34: 22.5 cm.<br \/>\nTamanho 35: 23.0 cm.<br \/>\nTamanho 36: 23.5 cm.<br \/>\nTamanho 37: 24.0 cm.<br \/>\nTamanho 38: 25.0 cm.<br \/>\nTamanho 39: 26.0 cm.<br \/>\nTamanho 40: 26.5 cm.<\/p>\n","protected":false},"excerpt":{"rendered":"<p>Para compor looks modernos e ousados.<\/p>\n","protected":false},"featured_media":184,"template":"","meta":[],"product_brand":[],"product_cat":[18],"product_tag":[],"class_list":{"0":"post-171","1":"product","2":"type-product","3":"status-publish","4":"has-post-thumbnail","6":"product_cat-botas","7":"pa_tamanho-42","8":"pa_tamanho-43","10":"first","11":"instock","12":"sale","13":"shipping-taxable","14":"purchasable","15":"product-type-variable"},"_links":{"self":[{"href":"https:\/\/projetos.agenciacertus.com.br\/lojasbella\/wp-json\/wp\/v2\/product\/171","targetHints":{"allow":["GET"]}}],"collection":[{"href":"https:\/\/projetos.agenciacertus.com.br\/lojasbella\/wp-json\/wp\/v2\/product"}],"about":[{"href":"https:\/\/projetos.agenciacertus.com.br\/lojasbella\/wp-json\/wp\/v2\/types\/product"}],"wp:featuredmedia":[{"embeddable":true,"href":"https:\/\/projetos.agenciacertus.com.br\/lojasbella\/wp-json\/wp\/v2\/media\/184"}],"wp:attachment":[{"href":"https:\/\/projetos.agenciacertus.com.br\/lojasbella\/wp-json\/wp\/v2\/media?parent=171"}],"wp:term":[{"taxonomy":"product_brand","embeddable":true,"href":"https:\/\/projetos.agenciacertus.com.br\/lojasbella\/wp-json\/wp\/v2\/product_brand?post=171"},{"taxonomy":"product_cat","embeddable":true,"href":"https:\/\/projetos.agenciacertus.com.br\/lojasbella\/wp-json\/wp\/v2\/product_cat?post=171"},{"taxonomy":"product_tag","embeddable":true,"href":"https:\/\/projetos.agenciacertus.com.br\/lojasbella\/wp-json\/wp\/v2\/product_tag?post=171"}],"curies":[{"name":"wp","href":"https:\/\/api.w.org\/{rel}","templated":true}]}}