{"id":150,"date":"2024-11-26T19:48:21","date_gmt":"2024-11-26T19:48:21","guid":{"rendered":"https:\/\/projetos.agenciacertus.com.br\/lojasbella\/?post_type=product&#038;p=150"},"modified":"2024-11-27T14:55:45","modified_gmt":"2024-11-27T14:55:45","slug":"mary-jane","status":"publish","type":"product","link":"https:\/\/projetos.agenciacertus.com.br\/lojasbella\/product\/mary-jane\/","title":{"rendered":"Mary Jane"},"content":{"rendered":"<p>Mary Jane \u00e9 um cl\u00e1ssico atemporal, conhecido por sua tira sobre o peito do p\u00e9 que combina charme e funcionalidade. Perfeito para compor looks femininos e delicados, seja no trabalho ou em gra\u00e7as especiais.<br \/>\n<strong>Caracter\u00edsticas:<\/strong><\/p>\n<ul>\n<li>Altura do Salto: 4cm<\/li>\n<li>Solado: Antiderrapante<\/li>\n<li>Material: Couro e macio fechamento ajust\u00e1vel<\/li>\n<\/ul>\n<p><strong>Guia de Medidas:<\/strong><\/p>\n<p>Tamanho 34: 22.5 cm.<br \/>\nTamanho 35: 23.0 cm.<br \/>\nTamanho 36: 23.5 cm.<br \/>\nTamanho 37: 24.0 cm.<br \/>\nTamanho 38: 25.0 cm.<br \/>\nTamanho 39: 26.0 cm.<br \/>\nTamanho 40: 26.5 cm.<\/p>\n","protected":false},"excerpt":{"rendered":"<p>Perfeito para compor looks femininos e delicados<\/p>\n","protected":false},"featured_media":167,"template":"","meta":[],"product_brand":[],"product_cat":[52,17],"product_tag":[],"class_list":{"0":"post-150","1":"product","2":"type-product","3":"status-publish","4":"has-post-thumbnail","6":"product_cat-bella-poderoza","7":"product_cat-boneca-mary-jane","8":"pa_tamanho-40","9":"pa_tamanho-41","10":"pa_tamanho-42","11":"pa_tamanho-43","13":"first","14":"instock","15":"sale","16":"shipping-taxable","17":"purchasable","18":"product-type-variable"},"_links":{"self":[{"href":"https:\/\/projetos.agenciacertus.com.br\/lojasbella\/wp-json\/wp\/v2\/product\/150","targetHints":{"allow":["GET"]}}],"collection":[{"href":"https:\/\/projetos.agenciacertus.com.br\/lojasbella\/wp-json\/wp\/v2\/product"}],"about":[{"href":"https:\/\/projetos.agenciacertus.com.br\/lojasbella\/wp-json\/wp\/v2\/types\/product"}],"wp:featuredmedia":[{"embeddable":true,"href":"https:\/\/projetos.agenciacertus.com.br\/lojasbella\/wp-json\/wp\/v2\/media\/167"}],"wp:attachment":[{"href":"https:\/\/projetos.agenciacertus.com.br\/lojasbella\/wp-json\/wp\/v2\/media?parent=150"}],"wp:term":[{"taxonomy":"product_brand","embeddable":true,"href":"https:\/\/projetos.agenciacertus.com.br\/lojasbella\/wp-json\/wp\/v2\/product_brand?post=150"},{"taxonomy":"product_cat","embeddable":true,"href":"https:\/\/projetos.agenciacertus.com.br\/lojasbella\/wp-json\/wp\/v2\/product_cat?post=150"},{"taxonomy":"product_tag","embeddable":true,"href":"https:\/\/projetos.agenciacertus.com.br\/lojasbella\/wp-json\/wp\/v2\/product_tag?post=150"}],"curies":[{"name":"wp","href":"https:\/\/api.w.org\/{rel}","templated":true}]}}